{"id":338,"date":"2024-10-18T17:53:20","date_gmt":"2024-10-18T15:53:20","guid":{"rendered":"https:\/\/apartmany-roni.cz\/pl\/?page_id=338"},"modified":"2025-06-28T15:29:27","modified_gmt":"2025-06-28T13:29:27","slug":"regulamin","status":"publish","type":"page","link":"https:\/\/apartmany-roni.cz\/pl\/regulamin\/","title":{"rendered":"Regulamin"},"content":{"rendered":"\n<p><strong>Operator:<\/strong><\/p>\n\n\n\n<ul class=\"wp-block-list\">\n<li>Martin Schliegsbir<\/li>\n\n\n\n<li>Adres: Prost\u0159edn\u00ed L\u00e1nov 345, 543 41<\/li>\n\n\n\n<li>Numer identyfikacyjny: 74007921<\/li>\n<\/ul>\n\n\n\n<p><strong>Kontakt:<\/strong><\/p>\n\n\n\n<ul class=\"wp-block-list\">\n<li>Telefon: +420 604 306 806<\/li>\n\n\n\n<li>E-mail: <a>info@apartmany-roni.cz<\/a><\/li>\n\n\n\n<li>Adres: \u010cist\u00e1 v Krkono\u0161\u00edch 154, 543 44 \u010cern\u00fd D\u016fl &#8211; \u010cist\u00e1 v Krkono\u0161\u00edch<\/li>\n<\/ul>\n\n\n\n<hr class=\"wp-block-separator has-alpha-channel-opacity\"\/>\n\n\n\n<h4 class=\"wp-block-heading\">1. Ceny i us\u0142ugi<\/h4>\n\n\n\n<p>Przybli\u017cone ceny zakwaterowania i innych us\u0142ug s\u0105 podane w materia\u0142ach prezentacyjnych kwaterodawcy (strona internetowa, broszury itp.). Cena podana w voucherze noclegowym (zwanym dalej voucherem) jest wi\u0105\u017c\u0105ca dla Klienta. Dla zakresu uzgodnionych umownie us\u0142ug i cen, wi\u0105\u017c\u0105ce jest ich zestawienie w bonie. Lokator ma prawo do zmiany ustalonych warunk\u00f3w pobytu w przypadkach od niego niezale\u017cnych (np. si\u0142a wy\u017csza).<\/p>\n\n\n\n<hr class=\"wp-block-separator has-alpha-channel-opacity\"\/>\n\n\n\n<h4 class=\"wp-block-heading\">2. Warunki p\u0142atno\u015bci<\/h4>\n\n\n\n<p>Klient zobowi\u0105zany jest do zap\u0142aty ceny za nocleg i wszelkich us\u0142ug dodatkowych z g\u00f3ry, zgodnie z wcze\u015bniejsz\u0105 umow\u0105. P\u0142atno\u015bci mo\u017cna dokona\u0107 przelewem bankowym lub kart\u0105 kredytow\u0105. Gospodarz zastrzega sobie mo\u017cliwo\u015b\u0107 dokonania preautoryzacji karty p\u0142atniczej.<\/p>\n\n\n\n<ul class=\"wp-block-list\">\n<li>karta p\u0142atnicza on-line<\/li>\n\n\n\n<li>przelewem bankowym (rezerwacja mailowa\/telefoniczna)<\/li>\n<\/ul>\n\n\n\n<hr class=\"wp-block-separator has-alpha-channel-opacity\"\/>\n\n\n\n<h4 class=\"wp-block-heading\">3. Zameldowanie i wymeldowanie<\/h4>\n\n\n\n<ul class=\"wp-block-list\">\n<li><strong>Zameldowanie<\/strong>: Od godziny 14:00 (w przypadku p\u00f3\u017aniejszego przyjazdu prosimy o wcze\u015bniejszy kontakt z kwater\u0105). Poniewa\u017c dost\u0119p odbywa si\u0119 na podstawie kod\u00f3w bezpiecze\u0144stwa, go\u015b\u0107 mo\u017ce przyjecha\u0107 w dowolnym momencie po godzinie 14:00, ale prosimy o zachowanie ostro\u017cno\u015bci ze wzgl\u0119du na innych go\u015bci! Zw\u0142aszcza wieczorem i w nocy.<br><\/li>\n\n\n\n<li><strong>Wymeldowanie<\/strong>: Do godziny 10:00 W przypadku p\u00f3\u017aniejszego wyjazdu mo\u017ce zosta\u0107 naliczona dodatkowa op\u0142ata.<\/li>\n<\/ul>\n\n\n\n<hr class=\"wp-block-separator has-alpha-channel-opacity\"\/>\n\n\n\n<h4 class=\"wp-block-heading\">4. Anulowanie pobytu (Warunki anulacji)<\/h4>\n\n\n\n<p>Klientowi przys\u0142uguje prawo do anulowania zam\u00f3wienia w dowolnym momencie przed przyjazdem. Anulowanie pobytu wymaga formy pisemnej w formie elektronicznej (e-mail) na adres: <a>info@apartmany-roni.cz<\/a>. O ustaleniu okresu rezygnacji z pobytu decyduje data i godzina wys\u0142ania wiadomo\u015bci e-mail.<\/p>\n\n\n\n<p>W przypadku wi\u0119kszych grup istnieje mo\u017cliwo\u015b\u0107 negocjacji indywidualnych warunk\u00f3w anulacji.<\/p>\n\n\n\n<p><strong>Op\u0142aty za anulowanie:<\/strong><\/p>\n\n\n\n<ul class=\"wp-block-list\">\n<li>W przypadku rezygnacji z pobytu na wi\u0119cej ni\u017c 30 dni przed przyjazdem zostanie pobrana op\u0142ata za anulacj\u0119 w wysoko\u015bci <strong>2%<\/strong> ca\u0142kowitej ceny pobytu.<\/li>\n\n\n\n<li>W przypadku anulowania pobytu na 15 do 30 dni przed przyjazdem zostanie pobrana op\u0142ata za anulowanie w wysoko\u015bci <strong>15%<\/strong> ca\u0142kowitej ceny pobytu.<\/li>\n\n\n\n<li>W przypadku rezygnacji z pobytu w terminie od 5 do 14 dni przed przyjazdem zostanie pobrana op\u0142ata za anulacj\u0119 w wysoko\u015bci <strong>50%<\/strong> ca\u0142kowitej ceny pobytu.<\/li>\n\n\n\n<li>W przypadku rezygnacji z pobytu na 4 lub mniej dni przed przyjazdem\/w przypadku nie przybycia Klienta na miejsce bez wcze\u015bniejszej rezygnacji z pobytu, wp\u0142acona kwota przepada na rzecz Operatora w wysoko\u015bci <strong>100% <\/strong>ceny pobytu.<\/li>\n<\/ul>\n\n\n\n<hr class=\"wp-block-separator has-alpha-channel-opacity\"\/>\n\n\n\n<h4 class=\"wp-block-heading\">5. Prawa i obowi\u0105zki Klienta<\/h4>\n\n\n\n<p>Klient ma obowi\u0105zek poinformowa\u0107 po przyje\u017adzie o faktycznej liczbie os\u00f3b, kt\u00f3re b\u0119d\u0105 zakwaterowane. Ka\u017cdy Go\u015b\u0107 ma prawo do korzystania z powierzchni przeznaczonej na jego nocleg oraz cz\u0119\u015bci wsp\u00f3lnych. Go\u015b\u0107 odpowiada za wszelkie szkody wyrz\u0105dzone w mieniu wynajmuj\u0105cego i jest zobowi\u0105zany do niezw\u0142ocznego zg\u0142oszenia szkody. Nast\u0119pnie zap\u0142a\u0107 za wszelkie szkody w dniu wyjazdu lub zgodnie z ustaleniami z dostawc\u0105 zakwaterowania.<\/p>\n\n\n\n<p>Klient zobowi\u0105zany jest tak\u017ce do zapoznania si\u0119 z<strong> regulaminem obiektu noclegowego<\/strong>.<\/p>\n\n\n\n<hr class=\"wp-block-separator has-alpha-channel-opacity\"\/>\n\n\n\n<h4 class=\"wp-block-heading\">6. Reklamace<\/h4>\n\n\n\n<p>Reklamacj\u0119 nale\u017cy zg\u0142osi\u0107 bez zb\u0119dnej zw\u0142oki bezpo\u015brednio do obiektu zakwaterowania, najlepiej w trakcie pobytu. P\u00f3\u017aniejsze reklamacje mog\u0105 nie zosta\u0107 uwzgl\u0119dnione, dlatego wskazane jest niezw\u0142oczne usuni\u0119cie brak\u00f3w, tak aby kwatermistrz m\u00f3g\u0142 je niezw\u0142ocznie usun\u0105\u0107.<\/p>\n\n\n\n<hr class=\"wp-block-separator has-alpha-channel-opacity\"\/>\n\n\n\n<h4 class=\"wp-block-heading\">7. Ochrana osobn\u00edch \u00fadaj\u016f (GDPR)<\/h4>\n\n\n\n<p>Ochrona danych osobowych jest zapewniona zgodnie z obowi\u0105zuj\u0105cymi przepisami prawa. Wi\u0119cej informacji na temat przetwarzania danych osobowych i przys\u0142uguj\u0105cych Ci praw znajdziesz na stronie: <strong>[<a href=\"https:\/\/apartmany-roni.cz\/pl\/polityka-prywatnosci-rodo\/\" data-type=\"page\" data-id=\"3\" target=\"_blank\" rel=\"noreferrer noopener\">ODKAZ<\/a>]<\/strong>.<\/p>\n\n\n\n<hr class=\"wp-block-separator has-alpha-channel-opacity\"\/>\n\n\n\n<h4 class=\"wp-block-heading\">8. Obowi\u0105zkowe op\u0142aty lokalne<\/h4>\n\n\n\n<p>Cena noclegu zawiera ju\u017c op\u0142aty lokalne za pobyt, kt\u00f3re uiszczane s\u0105 zgodnie z obowi\u0105zuj\u0105cym zarz\u0105dzeniem gminy.<\/p>\n\n\n\n<hr class=\"wp-block-separator has-alpha-channel-opacity\"\/>\n\n\n\n<h4 class=\"wp-block-heading\">9. Wa\u017cno\u015b\u0107<\/h4>\n\n\n\n<p>Niniejsze warunki handlowe i warunki anulowania stanowi\u0105 integraln\u0105 cz\u0119\u015b\u0107 zam\u00f3wienia zakwaterowania i vouchera na zakwaterowanie (vouchera). Wchodz\u0105 w \u017cycie z chwil\u0105 przes\u0142ania zam\u00f3wienia przez Klienta i potwierdzenia rezerwacji przez kwaterodawc\u0119.<\/p>\n\n\n\n<hr class=\"wp-block-separator has-alpha-channel-opacity\"\/>\n\n\n\n<p>W przypadku pyta\u0144 lub zmian w rezerwacji prosimy o kontakt na powy\u017csze dane kontaktowe.<\/p>\n\n\n\n<p class=\"has-text-align-right\"><strong>Obowi\u0105zuje od 01.10.2024.<\/strong><\/p>\n","protected":false},"excerpt":{"rendered":"<p>Operator: Kontakt: 1. Ceny i us\u0142ugi Przybli\u017cone ceny zakwaterowania i innych us\u0142ug s\u0105 podane w materia\u0142ach prezentacyjnych kwaterodawcy (strona internetowa, broszury itp.). Cena podana w voucherze noclegowym (zwanym dalej voucherem) jest wi\u0105\u017c\u0105ca dla Klienta. Dla zakresu uzgodnionych umownie us\u0142ug i cen, wi\u0105\u017c\u0105ce jest ich zestawienie w bonie. Lokator ma prawo do zmiany ustalonych warunk\u00f3w pobytu [&hellip;]<\/p>\n","protected":false},"author":1,"featured_media":0,"parent":0,"menu_order":0,"comment_status":"closed","ping_status":"closed","template":"","meta":{"_acf_changed":false,"footnotes":""},"class_list":["post-338","page","type-page","status-publish","hentry"],"acf":[],"_links":{"self":[{"href":"https:\/\/apartmany-roni.cz\/pl\/wp-json\/wp\/v2\/pages\/338","targetHints":{"allow":["GET"]}}],"collection":[{"href":"https:\/\/apartmany-roni.cz\/pl\/wp-json\/wp\/v2\/pages"}],"about":[{"href":"https:\/\/apartmany-roni.cz\/pl\/wp-json\/wp\/v2\/types\/page"}],"author":[{"embeddable":true,"href":"https:\/\/apartmany-roni.cz\/pl\/wp-json\/wp\/v2\/users\/1"}],"replies":[{"embeddable":true,"href":"https:\/\/apartmany-roni.cz\/pl\/wp-json\/wp\/v2\/comments?post=338"}],"version-history":[{"count":5,"href":"https:\/\/apartmany-roni.cz\/pl\/wp-json\/wp\/v2\/pages\/338\/revisions"}],"predecessor-version":[{"id":495,"href":"https:\/\/apartmany-roni.cz\/pl\/wp-json\/wp\/v2\/pages\/338\/revisions\/495"}],"wp:attachment":[{"href":"https:\/\/apartmany-roni.cz\/pl\/wp-json\/wp\/v2\/media?parent=338"}],"curies":[{"name":"wp","href":"https:\/\/api.w.org\/{rel}","templated":true}]}}